{"id":776,"date":"2021-07-20T10:33:18","date_gmt":"2021-07-20T08:33:18","guid":{"rendered":"https:\/\/labo-systems.be\/contact-2\/"},"modified":"2022-04-22T15:27:08","modified_gmt":"2022-04-22T13:27:08","slug":"contacter","status":"publish","type":"page","link":"https:\/\/labo-systems.be\/fr\/contact\/","title":{"rendered":"Contact"},"content":{"rendered":"\t\t<div data-elementor-type=\"wp-page\" data-elementor-id=\"776\" class=\"elementor elementor-776\">\n\t\t\t\t\t\t<section class=\"elementor-section elementor-top-section elementor-element elementor-element-5a3dac1 elementor-section-boxed elementor-section-height-default elementor-section-height-default\" data-id=\"5a3dac1\" data-element_type=\"section\" data-e-type=\"section\" data-settings=\"{&quot;background_background&quot;:&quot;gradient&quot;}\">\n\t\t\t\t\t\t<div class=\"elementor-container elementor-column-gap-no\">\n\t\t\t\t\t<div class=\"elementor-column elementor-col-100 elementor-top-column elementor-element elementor-element-76597b8\" data-id=\"76597b8\" data-element_type=\"column\" data-e-type=\"column\">\n\t\t\t<div class=\"elementor-widget-wrap elementor-element-populated\">\n\t\t\t\t\t\t<section class=\"elementor-section elementor-inner-section elementor-element elementor-element-44a2c6d elementor-section-boxed elementor-section-height-default elementor-section-height-default\" data-id=\"44a2c6d\" data-element_type=\"section\" data-e-type=\"section\">\n\t\t\t\t\t\t<div class=\"elementor-container elementor-column-gap-no\">\n\t\t\t\t\t<div class=\"elementor-column elementor-col-100 elementor-inner-column elementor-element elementor-element-bdf8d51\" data-id=\"bdf8d51\" data-element_type=\"column\" data-e-type=\"column\">\n\t\t\t<div class=\"elementor-widget-wrap elementor-element-populated\">\n\t\t\t\t\t\t<div class=\"elementor-element elementor-element-97a54af elementor-widget elementor-widget-heading\" data-id=\"97a54af\" data-element_type=\"widget\" data-e-type=\"widget\" data-widget_type=\"heading.default\">\n\t\t\t\t<div class=\"elementor-widget-container\">\n\t\t\t\t\t<h1 class=\"elementor-heading-title elementor-size-default\">Contact<\/h1>\t\t\t\t<\/div>\n\t\t\t\t<\/div>\n\t\t\t\t<div class=\"elementor-element elementor-element-f3792f0 elementor-widget elementor-widget-text-editor\" data-id=\"f3792f0\" data-element_type=\"widget\" data-e-type=\"widget\" data-widget_type=\"text-editor.default\">\n\t\t\t\t<div class=\"elementor-widget-container\">\n\t\t\t\t\t\t\t\t\t<p>Als u ons graag feedback verstuurt of enkele vragen heeft, contacteer ons dan zeker.<\/p>\t\t\t\t\t\t\t\t<\/div>\n\t\t\t\t<\/div>\n\t\t\t\t\t<\/div>\n\t\t<\/div>\n\t\t\t\t\t<\/div>\n\t\t<\/section>\n\t\t\t\t<section class=\"elementor-section elementor-inner-section elementor-element elementor-element-40ea173 elementor-reverse-mobile elementor-section-boxed elementor-section-height-default elementor-section-height-default\" data-id=\"40ea173\" data-element_type=\"section\" data-e-type=\"section\">\n\t\t\t\t\t\t<div class=\"elementor-container elementor-column-gap-no\">\n\t\t\t\t\t<div class=\"elementor-column elementor-col-33 elementor-inner-column elementor-element elementor-element-f3b650c\" data-id=\"f3b650c\" data-element_type=\"column\" data-e-type=\"column\">\n\t\t\t<div class=\"elementor-widget-wrap elementor-element-populated\">\n\t\t\t\t\t\t<div class=\"elementor-element elementor-element-4b5919f elementor-widget elementor-widget-heading\" data-id=\"4b5919f\" data-element_type=\"widget\" data-e-type=\"widget\" data-widget_type=\"heading.default\">\n\t\t\t\t<div class=\"elementor-widget-container\">\n\t\t\t\t\t<h3 class=\"elementor-heading-title elementor-size-default\">Bedrijf<\/h3>\t\t\t\t<\/div>\n\t\t\t\t<\/div>\n\t\t\t\t<div class=\"elementor-element elementor-element-2e766d6 elementor-mobile-align-center elementor-icon-list--layout-traditional elementor-list-item-link-full_width elementor-widget elementor-widget-icon-list\" data-id=\"2e766d6\" data-element_type=\"widget\" data-e-type=\"widget\" data-widget_type=\"icon-list.default\">\n\t\t\t\t<div class=\"elementor-widget-container\">\n\t\t\t\t\t\t\t<ul class=\"elementor-icon-list-items\">\n\t\t\t\t\t\t\t<li class=\"elementor-icon-list-item\">\n\t\t\t\t\t\t\t\t\t\t\t<a href=\"#\">\n\n\t\t\t\t\t\t\t\t\t\t\t<span class=\"elementor-icon-list-text\">Vincent Leermiddelen Scientific<\/span>\n\t\t\t\t\t\t\t\t\t\t\t<\/a>\n\t\t\t\t\t\t\t\t\t<\/li>\n\t\t\t\t\t\t\t\t<li class=\"elementor-icon-list-item\">\n\t\t\t\t\t\t\t\t\t\t\t<a href=\"#\">\n\n\t\t\t\t\t\t\t\t\t\t\t<span class=\"elementor-icon-list-text\">info@leermiddelen.be<\/span>\n\t\t\t\t\t\t\t\t\t\t\t<\/a>\n\t\t\t\t\t\t\t\t\t<\/li>\n\t\t\t\t\t\t\t\t<li class=\"elementor-icon-list-item\">\n\t\t\t\t\t\t\t\t\t\t\t<a href=\"#\">\n\n\t\t\t\t\t\t\t\t\t\t\t<span class=\"elementor-icon-list-text\">03 239 49 62<\/span>\n\t\t\t\t\t\t\t\t\t\t\t<\/a>\n\t\t\t\t\t\t\t\t\t<\/li>\n\t\t\t\t\t\t<\/ul>\n\t\t\t\t\t\t<\/div>\n\t\t\t\t<\/div>\n\t\t\t\t\t<\/div>\n\t\t<\/div>\n\t\t\t\t<div class=\"elementor-column elementor-col-66 elementor-inner-column elementor-element elementor-element-6ac2e9a\" data-id=\"6ac2e9a\" data-element_type=\"column\" data-e-type=\"column\">\n\t\t\t<div class=\"elementor-widget-wrap elementor-element-populated\">\n\t\t\t\t\t\t<div class=\"elementor-element elementor-element-e7f6d04 elementor-widget elementor-widget-heading\" data-id=\"e7f6d04\" data-element_type=\"widget\" data-e-type=\"widget\" data-widget_type=\"heading.default\">\n\t\t\t\t<div class=\"elementor-widget-container\">\n\t\t\t\t\t<h3 class=\"elementor-heading-title elementor-size-default\">Stuur ons een bericht<\/h3>\t\t\t\t<\/div>\n\t\t\t\t<\/div>\n\t\t\t\t<div class=\"elementor-element elementor-element-29e3661 elementor-widget elementor-widget-wp-widget-wpforms-widget\" data-id=\"29e3661\" data-element_type=\"widget\" data-e-type=\"widget\" data-widget_type=\"wp-widget-wpforms-widget.default\">\n\t\t\t\t<div class=\"elementor-widget-container\">\n\t\t\t\t\t<div class=\"wpforms-container \" id=\"wpforms-144\"><form id=\"wpforms-form-144\" class=\"wpforms-validate wpforms-form\" data-formid=\"144\" method=\"post\" enctype=\"multipart\/form-data\" action=\"\/fr\/wp-json\/wp\/v2\/pages\/776\" data-token=\"fc4e49789f6f131195b79af8d3909d52\" data-token-time=\"1777559680\"><noscript class=\"wpforms-error-noscript\">Veuillez activer JavaScript dans votre navigateur pour remplir ce formulaire.<\/noscript><div class=\"wpforms-field-container\"><div id=\"wpforms-144-field_4-container\" class=\"wpforms-field wpforms-field-checkbox\" data-field-id=\"4\"><label class=\"wpforms-field-label wpforms-label-hide\">Selectievakjes <span class=\"wpforms-required-label\">*<\/span><\/label><ul id=\"wpforms-144-field_4\" class=\"wpforms-field-required\"><li class=\"choice-1 depth-1\"><input type=\"checkbox\" id=\"wpforms-144-field_4_1\" name=\"wpforms[fields][4][]\" value=\"Ik bevestig dat ik de  nodige voorbereidingen heb getroffen (zie hieronder)\" required ><label class=\"wpforms-field-label-inline\" for=\"wpforms-144-field_4_1\">Ik bevestig dat ik de  nodige voorbereidingen heb getroffen (zie hieronder)<\/label><\/li><\/ul><div class=\"wpforms-field-description\">We vragen u vriendelijk om ons <a href=\"\/praktisch\"><b><u>stappenplan<\/u><\/b><\/a> door te nemen en uzelf voor te bereiden. Zo besparen we onnodige moeite en werken we effici\u00ebnter, waardoor we u ook een zeer <b>interessante prijs<\/b> kunnen garanderen.<\/div><\/div><div id=\"wpforms-144-field_0-container\" class=\"wpforms-field wpforms-field-name\" data-field-id=\"0\"><label class=\"wpforms-field-label wpforms-label-hide\" for=\"wpforms-144-field_0\">Naam <span class=\"wpforms-required-label\">*<\/span><\/label><div class=\"wpforms-field-row wpforms-field-large\"><div class=\"wpforms-field-row-block wpforms-first wpforms-one-half\"><input type=\"text\" id=\"wpforms-144-field_0\" class=\"wpforms-field-name-first wpforms-field-required\" name=\"wpforms[fields][0][first]\" placeholder=\"Voornaam\" required><label for=\"wpforms-144-field_0\" class=\"wpforms-field-sublabel after wpforms-sublabel-hide\">Pr\u00e9nom<\/label><\/div><div class=\"wpforms-field-row-block wpforms-one-half\"><input type=\"text\" id=\"wpforms-144-field_0-last\" class=\"wpforms-field-name-last wpforms-field-required\" name=\"wpforms[fields][0][last]\" placeholder=\"Achternaam\" required><label for=\"wpforms-144-field_0-last\" class=\"wpforms-field-sublabel after wpforms-sublabel-hide\">Nom<\/label><\/div><\/div><\/div><div id=\"wpforms-144-field_1-container\" class=\"wpforms-field wpforms-field-email\" data-field-id=\"1\"><label class=\"wpforms-field-label wpforms-label-hide\" for=\"wpforms-144-field_1\">E-mail <span class=\"wpforms-required-label\">*<\/span><\/label><input type=\"email\" id=\"wpforms-144-field_1\" class=\"wpforms-field-large wpforms-field-required\" name=\"wpforms[fields][1]\" placeholder=\"E-mailadres\" spellcheck=\"false\" required><\/div><div id=\"wpforms-144-field_3-container\" class=\"wpforms-field wpforms-field-text\" data-field-id=\"3\"><label class=\"wpforms-field-label wpforms-label-hide\" for=\"wpforms-144-field_3\">Telefoon \/ GSM<\/label><input type=\"text\" id=\"wpforms-144-field_3\" class=\"wpforms-field-large\" name=\"wpforms[fields][3]\" placeholder=\"Telefoon- of gsm-nummer\" ><\/div><div id=\"wpforms-144-field_2-container\" class=\"wpforms-field wpforms-field-textarea\" data-field-id=\"2\"><label class=\"wpforms-field-label wpforms-label-hide\" for=\"wpforms-144-field_2\">Bericht <span class=\"wpforms-required-label\">*<\/span><\/label><textarea id=\"wpforms-144-field_2\" class=\"wpforms-field-medium wpforms-field-required\" name=\"wpforms[fields][2]\" placeholder=\"Uw bericht\" required><\/textarea><\/div><\/div><!-- .wpforms-field-container --><div class=\"wpforms-submit-container\" ><input type=\"hidden\" name=\"wpforms[id]\" value=\"144\"><input type=\"hidden\" name=\"page_title\" value=\"\"><input type=\"hidden\" name=\"page_url\" value=\"https:\/\/labo-systems.be\/fr\/wp-json\/wp\/v2\/pages\/776\"><input type=\"hidden\" name=\"url_referer\" value=\"\"><button type=\"submit\" name=\"wpforms[submit]\" id=\"wpforms-submit-144\" class=\"wpforms-submit\" data-alt-text=\"Wordt verzonden...\" data-submit-text=\"Verzenden\" aria-live=\"assertive\" value=\"wpforms-submit\">Verzenden<\/button><\/div><\/form><\/div>  <!-- .wpforms-container -->\t\t\t\t<\/div>\n\t\t\t\t<\/div>\n\t\t\t\t\t<\/div>\n\t\t<\/div>\n\t\t\t\t\t<\/div>\n\t\t<\/section>\n\t\t\t\t\t<\/div>\n\t\t<\/div>\n\t\t\t\t\t<\/div>\n\t\t<\/section>\n\t\t\t\t<\/div>\n\t\t","protected":false},"excerpt":{"rendered":"<p>Contactez-nous Si vous souhaitez nous faire part de vos commentaires ou si vous avez des questions, n'h\u00e9sitez pas \u00e0 nous contacter. Entreprise Vincent Mat\u00e9riel p\u00e9dagogique Scientific info@leermiddelen.be 03 239 49 62 Envoyez-nous un message<\/p>","protected":false},"author":1,"featured_media":0,"parent":0,"menu_order":0,"comment_status":"closed","ping_status":"closed","template":"","meta":{"site-sidebar-layout":"no-sidebar","site-content-layout":"page-builder","ast-global-header-display":"","ast-main-header-display":"","ast-hfb-above-header-display":"","ast-hfb-below-header-display":"","ast-hfb-mobile-header-display":"","site-post-title":"disabled","ast-breadcrumbs-content":"disabled","ast-featured-img":"disabled","footer-sml-layout":"","theme-transparent-header-meta":"default","adv-header-id-meta":"","stick-header-meta":"","header-above-stick-meta":"","header-main-stick-meta":"","header-below-stick-meta":"","footnotes":""},"class_list":["post-776","page","type-page","status-publish","hentry"],"yoast_head":"<!-- This site is optimized with the Yoast SEO plugin v27.4 - https:\/\/yoast.com\/product\/yoast-seo-wordpress\/ -->\n<title>Contact - Labo Systems<\/title>\n<meta name=\"robots\" content=\"index, follow, max-snippet:-1, max-image-preview:large, max-video-preview:-1\" \/>\n<link rel=\"canonical\" href=\"https:\/\/labo-systems.be\/fr\/contacter\/\" \/>\n<meta property=\"og:locale\" content=\"fr_FR\" \/>\n<meta property=\"og:type\" content=\"article\" \/>\n<meta property=\"og:title\" content=\"Contact - Labo Systems\" \/>\n<meta property=\"og:description\" content=\"Contact Als u ons graag feedback verstuurt of enkele vragen heeft, contacteer ons dan zeker. Bedrijf Vincent Leermiddelen Scientific info@leermiddelen.be 03 239 49 62 Stuur ons een bericht\" \/>\n<meta property=\"og:url\" content=\"https:\/\/labo-systems.be\/fr\/contacter\/\" \/>\n<meta property=\"og:site_name\" content=\"Labo Systems\" \/>\n<meta property=\"article:modified_time\" content=\"2022-04-22T13:27:08+00:00\" \/>\n<meta name=\"twitter:card\" content=\"summary_large_image\" \/>\n<meta name=\"twitter:label1\" content=\"Dur\u00e9e de lecture estim\u00e9e\" \/>\n\t<meta name=\"twitter:data1\" content=\"1 minute\" \/>\n<script type=\"application\/ld+json\" class=\"yoast-schema-graph\">{\"@context\":\"https:\\\/\\\/schema.org\",\"@graph\":[{\"@type\":\"WebPage\",\"@id\":\"https:\\\/\\\/labo-systems.be\\\/contact\\\/\",\"url\":\"https:\\\/\\\/labo-systems.be\\\/contact\\\/\",\"name\":\"Contact - Labo Systems\",\"isPartOf\":{\"@id\":\"https:\\\/\\\/labo-systems.be\\\/#website\"},\"datePublished\":\"2021-07-20T08:33:18+00:00\",\"dateModified\":\"2022-04-22T13:27:08+00:00\",\"breadcrumb\":{\"@id\":\"https:\\\/\\\/labo-systems.be\\\/contact\\\/#breadcrumb\"},\"inLanguage\":\"fr-FR\",\"potentialAction\":[{\"@type\":\"ReadAction\",\"target\":[\"https:\\\/\\\/labo-systems.be\\\/contact\\\/\"]}]},{\"@type\":\"BreadcrumbList\",\"@id\":\"https:\\\/\\\/labo-systems.be\\\/contact\\\/#breadcrumb\",\"itemListElement\":[{\"@type\":\"ListItem\",\"position\":1,\"name\":\"Home\",\"item\":\"https:\\\/\\\/labo-systems.be\\\/\"},{\"@type\":\"ListItem\",\"position\":2,\"name\":\"Contact\"}]},{\"@type\":\"WebSite\",\"@id\":\"https:\\\/\\\/labo-systems.be\\\/#website\",\"url\":\"https:\\\/\\\/labo-systems.be\\\/\",\"name\":\"Labo Systems\",\"description\":\"Vincent Leermiddelen\",\"publisher\":{\"@id\":\"https:\\\/\\\/labo-systems.be\\\/#organization\"},\"potentialAction\":[{\"@type\":\"SearchAction\",\"target\":{\"@type\":\"EntryPoint\",\"urlTemplate\":\"https:\\\/\\\/labo-systems.be\\\/?s={search_term_string}\"},\"query-input\":{\"@type\":\"PropertyValueSpecification\",\"valueRequired\":true,\"valueName\":\"search_term_string\"}}],\"inLanguage\":\"fr-FR\"},{\"@type\":\"Organization\",\"@id\":\"https:\\\/\\\/labo-systems.be\\\/#organization\",\"name\":\"Vincent Leermiddelen\",\"url\":\"https:\\\/\\\/labo-systems.be\\\/\",\"logo\":{\"@type\":\"ImageObject\",\"inLanguage\":\"fr-FR\",\"@id\":\"https:\\\/\\\/labo-systems.be\\\/#\\\/schema\\\/logo\\\/image\\\/\",\"url\":\"https:\\\/\\\/labo-systems.be\\\/wp-content\\\/uploads\\\/2022\\\/04\\\/Logo.png\",\"contentUrl\":\"https:\\\/\\\/labo-systems.be\\\/wp-content\\\/uploads\\\/2022\\\/04\\\/Logo.png\",\"width\":4135,\"height\":4135,\"caption\":\"Vincent Leermiddelen\"},\"image\":{\"@id\":\"https:\\\/\\\/labo-systems.be\\\/#\\\/schema\\\/logo\\\/image\\\/\"}}]}<\/script>\n<!-- \/ Yoast SEO plugin. -->","yoast_head_json":{"title":"Contact - Labo Systems","robots":{"index":"index","follow":"follow","max-snippet":"max-snippet:-1","max-image-preview":"max-image-preview:large","max-video-preview":"max-video-preview:-1"},"canonical":"https:\/\/labo-systems.be\/fr\/contacter\/","og_locale":"fr_FR","og_type":"article","og_title":"Contact - Labo Systems","og_description":"Contact Als u ons graag feedback verstuurt of enkele vragen heeft, contacteer ons dan zeker. Bedrijf Vincent Leermiddelen Scientific info@leermiddelen.be 03 239 49 62 Stuur ons een bericht","og_url":"https:\/\/labo-systems.be\/fr\/contacter\/","og_site_name":"Labo Systems","article_modified_time":"2022-04-22T13:27:08+00:00","twitter_card":"summary_large_image","twitter_misc":{"Dur\u00e9e de lecture estim\u00e9e":"1 minute"},"schema":{"@context":"https:\/\/schema.org","@graph":[{"@type":"WebPage","@id":"https:\/\/labo-systems.be\/contact\/","url":"https:\/\/labo-systems.be\/contact\/","name":"Contact - Labo Systems","isPartOf":{"@id":"https:\/\/labo-systems.be\/#website"},"datePublished":"2021-07-20T08:33:18+00:00","dateModified":"2022-04-22T13:27:08+00:00","breadcrumb":{"@id":"https:\/\/labo-systems.be\/contact\/#breadcrumb"},"inLanguage":"fr-FR","potentialAction":[{"@type":"ReadAction","target":["https:\/\/labo-systems.be\/contact\/"]}]},{"@type":"BreadcrumbList","@id":"https:\/\/labo-systems.be\/contact\/#breadcrumb","itemListElement":[{"@type":"ListItem","position":1,"name":"Home","item":"https:\/\/labo-systems.be\/"},{"@type":"ListItem","position":2,"name":"Contact"}]},{"@type":"WebSite","@id":"https:\/\/labo-systems.be\/#website","url":"https:\/\/labo-systems.be\/","name":"Syst\u00e8mes Labo","description":"Vincent Mat\u00e9riel P\u00e9dagogique","publisher":{"@id":"https:\/\/labo-systems.be\/#organization"},"potentialAction":[{"@type":"SearchAction","target":{"@type":"EntryPoint","urlTemplate":"https:\/\/labo-systems.be\/?s={search_term_string}"},"query-input":{"@type":"PropertyValueSpecification","valueRequired":true,"valueName":"search_term_string"}}],"inLanguage":"fr-FR"},{"@type":"Organization","@id":"https:\/\/labo-systems.be\/#organization","name":"Vincent Mat\u00e9riel P\u00e9dagogique","url":"https:\/\/labo-systems.be\/","logo":{"@type":"ImageObject","inLanguage":"fr-FR","@id":"https:\/\/labo-systems.be\/#\/schema\/logo\/image\/","url":"https:\/\/labo-systems.be\/wp-content\/uploads\/2022\/04\/Logo.png","contentUrl":"https:\/\/labo-systems.be\/wp-content\/uploads\/2022\/04\/Logo.png","width":4135,"height":4135,"caption":"Vincent Leermiddelen"},"image":{"@id":"https:\/\/labo-systems.be\/#\/schema\/logo\/image\/"}}]}},"_links":{"self":[{"href":"https:\/\/labo-systems.be\/fr\/wp-json\/wp\/v2\/pages\/776","targetHints":{"allow":["GET"]}}],"collection":[{"href":"https:\/\/labo-systems.be\/fr\/wp-json\/wp\/v2\/pages"}],"about":[{"href":"https:\/\/labo-systems.be\/fr\/wp-json\/wp\/v2\/types\/page"}],"author":[{"embeddable":true,"href":"https:\/\/labo-systems.be\/fr\/wp-json\/wp\/v2\/users\/1"}],"replies":[{"embeddable":true,"href":"https:\/\/labo-systems.be\/fr\/wp-json\/wp\/v2\/comments?post=776"}],"version-history":[{"count":4,"href":"https:\/\/labo-systems.be\/fr\/wp-json\/wp\/v2\/pages\/776\/revisions"}],"predecessor-version":[{"id":1449,"href":"https:\/\/labo-systems.be\/fr\/wp-json\/wp\/v2\/pages\/776\/revisions\/1449"}],"wp:attachment":[{"href":"https:\/\/labo-systems.be\/fr\/wp-json\/wp\/v2\/media?parent=776"}],"curies":[{"name":"wp","href":"https:\/\/api.w.org\/{rel}","templated":true}]}}